{"id":29,"date":"2024-08-16T10:21:20","date_gmt":"2024-08-16T10:21:20","guid":{"rendered":"https:\/\/telconoc.nl\/?page_id=29"},"modified":"2024-08-22T09:47:00","modified_gmt":"2024-08-22T09:47:00","slug":"communication","status":"publish","type":"page","link":"https:\/\/telconoc.nl\/index.php\/communication\/","title":{"rendered":"Contact"},"content":{"rendered":"\t\t<div data-elementor-type=\"wp-page\" data-elementor-id=\"29\" class=\"elementor elementor-29\">\n\t\t\t\t<div class=\"elementor-element elementor-element-ca480b0 e-flex e-con-boxed e-con e-parent\" data-id=\"ca480b0\" data-element_type=\"container\">\n\t\t\t\t\t<div class=\"e-con-inner\">\n\t\t<div class=\"elementor-element elementor-element-92b14eb e-con-full e-flex e-con e-child\" data-id=\"92b14eb\" data-element_type=\"container\">\n\t\t\t\t<div class=\"elementor-element elementor-element-99aa68e elementor-widget elementor-widget-text-editor\" data-id=\"99aa68e\" data-element_type=\"widget\" data-widget_type=\"text-editor.default\">\n\t\t\t\t<div class=\"elementor-widget-container\">\n\t\t\t<style>\/*! elementor - v3.23.0 - 05-08-2024 *\/\n.elementor-widget-text-editor.elementor-drop-cap-view-stacked .elementor-drop-cap{background-color:#69727d;color:#fff}.elementor-widget-text-editor.elementor-drop-cap-view-framed .elementor-drop-cap{color:#69727d;border:3px solid;background-color:transparent}.elementor-widget-text-editor:not(.elementor-drop-cap-view-default) .elementor-drop-cap{margin-top:8px}.elementor-widget-text-editor:not(.elementor-drop-cap-view-default) .elementor-drop-cap-letter{width:1em;height:1em}.elementor-widget-text-editor .elementor-drop-cap{float:left;text-align:center;line-height:1;font-size:50px}.elementor-widget-text-editor .elementor-drop-cap-letter{display:inline-block}<\/style>\t\t\t\t<p>\u00a0<\/p><p>Keulenstraat 8-J<br \/>7418 ET DEVENTER<br \/>THE NETHERLANDS<\/p><p>Phone : +31 (0)85 792 1440<br \/>Mobiel : +31 (0)61 881 1143<\/p><p>Mail: <a href=\"mailto:info@telconoc.com\">info@telconoc.com<\/a><\/p>\t\t\t\t\t\t<\/div>\n\t\t\t\t<\/div>\n\t\t\t\t<\/div>\n\t\t<div class=\"elementor-element elementor-element-4e54ec2 e-con-full e-flex e-con e-child\" data-id=\"4e54ec2\" data-element_type=\"container\">\n\t\t\t\t<div class=\"elementor-element elementor-element-ed55a37 elementor-widget elementor-widget-wpforms\" data-id=\"ed55a37\" data-element_type=\"widget\" data-widget_type=\"wpforms.default\">\n\t\t\t\t<div class=\"elementor-widget-container\">\n\t\t\t<style id=\"wpforms-css-vars-root\">\n\t\t\t\t:root {\n\t\t\t\t\t--wpforms-field-border-radius: 3px;\n--wpforms-field-border-style: solid;\n--wpforms-field-border-size: 1px;\n--wpforms-field-background-color: #ffffff;\n--wpforms-field-border-color: rgba( 0, 0, 0, 0.25 );\n--wpforms-field-border-color-spare: rgba( 0, 0, 0, 0.25 );\n--wpforms-field-text-color: rgba( 0, 0, 0, 0.7 );\n--wpforms-field-menu-color: #ffffff;\n--wpforms-label-color: rgba( 0, 0, 0, 0.85 );\n--wpforms-label-sublabel-color: rgba( 0, 0, 0, 0.55 );\n--wpforms-label-error-color: #d63637;\n--wpforms-button-border-radius: 3px;\n--wpforms-button-border-style: none;\n--wpforms-button-border-size: 1px;\n--wpforms-button-background-color: #066aab;\n--wpforms-button-border-color: #066aab;\n--wpforms-button-text-color: #ffffff;\n--wpforms-page-break-color: #066aab;\n--wpforms-background-image: none;\n--wpforms-background-position: center center;\n--wpforms-background-repeat: no-repeat;\n--wpforms-background-size: cover;\n--wpforms-background-width: 100px;\n--wpforms-background-height: 100px;\n--wpforms-background-color: rgba( 0, 0, 0, 0 );\n--wpforms-background-url: none;\n--wpforms-container-padding: 0px;\n--wpforms-container-border-style: none;\n--wpforms-container-border-width: 1px;\n--wpforms-container-border-color: #000000;\n--wpforms-container-border-radius: 3px;\n--wpforms-field-size-input-height: 43px;\n--wpforms-field-size-input-spacing: 15px;\n--wpforms-field-size-font-size: 16px;\n--wpforms-field-size-line-height: 19px;\n--wpforms-field-size-padding-h: 14px;\n--wpforms-field-size-checkbox-size: 16px;\n--wpforms-field-size-sublabel-spacing: 5px;\n--wpforms-field-size-icon-size: 1;\n--wpforms-label-size-font-size: 16px;\n--wpforms-label-size-line-height: 19px;\n--wpforms-label-size-sublabel-font-size: 14px;\n--wpforms-label-size-sublabel-line-height: 17px;\n--wpforms-button-size-font-size: 17px;\n--wpforms-button-size-height: 41px;\n--wpforms-button-size-padding-h: 15px;\n--wpforms-button-size-margin-top: 10px;\n--wpforms-container-shadow-size-box-shadow: none;\n\n\t\t\t\t}\n\t\t\t<\/style><style id=\"wpforms-css-vars-elementor-widget-ed55a37\">\n\t\t\t\t.elementor-widget-wpforms.elementor-element-ed55a37 {\n\t\t\t\t\t--wpforms-field-size-input-height: 43px;\n--wpforms-field-size-input-spacing: 15px;\n--wpforms-field-size-font-size: 16px;\n--wpforms-field-size-line-height: 19px;\n--wpforms-field-size-padding-h: 14px;\n--wpforms-field-size-checkbox-size: 16px;\n--wpforms-field-size-sublabel-spacing: 5px;\n--wpforms-field-size-icon-size: 1;\n--wpforms-label-size-font-size: 16px;\n--wpforms-label-size-line-height: 19px;\n--wpforms-label-size-sublabel-font-size: 14px;\n--wpforms-label-size-sublabel-line-height: 17px;\n--wpforms-button-size-font-size: 17px;\n--wpforms-button-size-height: 41px;\n--wpforms-button-size-padding-h: 15px;\n--wpforms-button-size-margin-top: 10px;\n\n\t\t\t\t}\n\t\t\t<\/style><div class=\"wpforms-container wpforms-container-full wpforms-render-modern\" id=\"wpforms-126\"><form id=\"wpforms-form-126\" class=\"wpforms-validate wpforms-form wpforms-ajax-form\" data-formid=\"126\" method=\"post\" enctype=\"multipart\/form-data\" action=\"\/index.php\/wp-json\/wp\/v2\/pages\/29\" data-token=\"794ce390d67769c348d0bc9c56301ee2\" data-token-time=\"1777639609\"><noscript class=\"wpforms-error-noscript\">Bu formu bitirebilmek i\u00e7in taray\u0131c\u0131n\u0131zda JavaScript&#039;i etkinle\u015ftirin.<\/noscript><div class=\"wpforms-hidden\" id=\"wpforms-error-noscript\">Bu formu bitirebilmek i\u00e7in taray\u0131c\u0131n\u0131zda JavaScript&#039;i etkinle\u015ftirin.<\/div><div class=\"wpforms-field-container\"><div id=\"wpforms-126-field_1-container\" class=\"wpforms-field wpforms-field-name\" data-field-id=\"1\"><fieldset><legend class=\"wpforms-field-label\">Name Surname <span class=\"wpforms-required-label\" aria-hidden=\"true\">*<\/span><\/legend><div class=\"wpforms-field-row wpforms-field-medium\"><div class=\"wpforms-field-row-block wpforms-first wpforms-one-half\"><input type=\"text\" id=\"wpforms-126-field_1\" class=\"wpforms-field-name-first wpforms-field-required\" name=\"wpforms[fields][1][first]\" aria-errormessage=\"wpforms-126-field_1-error\" required><label for=\"wpforms-126-field_1\" class=\"wpforms-field-sublabel after\">Ad<\/label><\/div><div class=\"wpforms-field-row-block wpforms-one-half\"><input type=\"text\" id=\"wpforms-126-field_1-last\" class=\"wpforms-field-name-last wpforms-field-required\" name=\"wpforms[fields][1][last]\" aria-errormessage=\"wpforms-126-field_1-last-error\" required><label for=\"wpforms-126-field_1-last\" class=\"wpforms-field-sublabel after\">Soyad<\/label><\/div><\/div><\/fieldset><\/div><div id=\"wpforms-126-field_2-container\" class=\"wpforms-field wpforms-field-email\" data-field-id=\"2\"><label class=\"wpforms-field-label\" for=\"wpforms-126-field_2\">Email <span class=\"wpforms-required-label\" aria-hidden=\"true\">*<\/span><\/label><input type=\"email\" id=\"wpforms-126-field_2\" class=\"wpforms-field-medium wpforms-field-required\" name=\"wpforms[fields][2]\" spellcheck=\"false\" aria-errormessage=\"wpforms-126-field_2-error\" required><\/div><div id=\"wpforms-126-field_5-container\" class=\"wpforms-field wpforms-field-select wpforms-field-select-style-classic\" data-field-id=\"5\"><label class=\"wpforms-field-label\" for=\"wpforms-126-field_5\">Which topic would you like support on?<\/label><select id=\"wpforms-126-field_5\" class=\"wpforms-field-medium\" name=\"wpforms[fields][5]\"><option value=\"It Solutions\" >It Solutions<\/option><option value=\"Ip Connectivity\" >Ip Connectivity<\/option><option value=\"Colocation\" >Colocation<\/option><option value=\"Dedicated Servers\" >Dedicated Servers<\/option><option value=\"Remote Hands\" >Remote Hands<\/option><option value=\"Financing Program\" >Financing Program<\/option><option value=\"Telecommunication Services\" >Telecommunication Services<\/option><option value=\"Datacenter Services\" >Datacenter Services<\/option><option value=\"Integrator Services\" >Integrator Services<\/option><option value=\"Maintenance and Support\" >Maintenance and Support<\/option><option value=\"Education and Training Services\" >Education and Training Services<\/option><option value=\"Online Software and Management\" >Online Software and Management<\/option><option value=\"Other\" >Other<\/option><\/select><\/div><div id=\"wpforms-126-field_3-container\" class=\"wpforms-field wpforms-field-textarea\" data-field-id=\"3\"><label class=\"wpforms-field-label\" for=\"wpforms-126-field_3\">Message<\/label><textarea id=\"wpforms-126-field_3\" class=\"wpforms-field-medium\" name=\"wpforms[fields][3]\" aria-errormessage=\"wpforms-126-field_3-error\" ><\/textarea><\/div><\/div><!-- .wpforms-field-container --><div class=\"wpforms-recaptcha-container wpforms-is-recaptcha wpforms-is-recaptcha-type-v2\" ><div class=\"g-recaptcha\" data-sitekey=\"6LdQ1CwqAAAAALt_eObcJo6DMcsMo-ay_koH_vYu\"><\/div><input type=\"text\" name=\"g-recaptcha-hidden\" class=\"wpforms-recaptcha-hidden\" style=\"position:absolute!important;clip:rect(0,0,0,0)!important;height:1px!important;width:1px!important;border:0!important;overflow:hidden!important;padding:0!important;margin:0!important;\" data-rule-recaptcha=\"1\"><\/div><div class=\"wpforms-submit-container\" ><input type=\"hidden\" name=\"wpforms[id]\" value=\"126\"><input type=\"hidden\" name=\"page_title\" value=\"\"><input type=\"hidden\" name=\"page_url\" value=\"https:\/\/telconoc.nl\/index.php\/wp-json\/wp\/v2\/pages\/29\"><button type=\"submit\" name=\"wpforms[submit]\" id=\"wpforms-submit-126\" class=\"wpforms-submit\" data-alt-text=\"Sending...\" data-submit-text=\"Send\" aria-live=\"assertive\" value=\"wpforms-submit\">Send<\/button><img decoding=\"async\" src=\"https:\/\/telconoc.nl\/wp-content\/plugins\/wpforms-lite\/assets\/images\/submit-spin.svg\" class=\"wpforms-submit-spinner\" style=\"display: none;\" width=\"26\" height=\"26\" alt=\"Y\u00fckleniyor\"><\/div><\/form><\/div>  <!-- .wpforms-container -->\t\t<\/div>\n\t\t\t\t<\/div>\n\t\t\t\t<\/div>\n\t\t\t\t\t<\/div>\n\t\t\t\t<\/div>\n\t\t<div class=\"elementor-element elementor-element-8f101ad e-con-full e-flex e-con e-parent\" data-id=\"8f101ad\" data-element_type=\"container\">\n\t\t<div class=\"elementor-element elementor-element-b86953e e-con-full e-flex e-con e-child\" data-id=\"b86953e\" data-element_type=\"container\">\n\t\t\t\t<div class=\"elementor-element elementor-element-ce40dfc elementor-widget-tablet__width-initial elementor-widget elementor-widget-google_maps\" data-id=\"ce40dfc\" data-element_type=\"widget\" data-widget_type=\"google_maps.default\">\n\t\t\t\t<div class=\"elementor-widget-container\">\n\t\t\t<style>\/*! elementor - v3.23.0 - 05-08-2024 *\/\n.elementor-widget-google_maps .elementor-widget-container{overflow:hidden}.elementor-widget-google_maps .elementor-custom-embed{line-height:0}.elementor-widget-google_maps iframe{height:300px}<\/style>\t\t<div class=\"elementor-custom-embed\">\n\t\t\t<iframe loading=\"lazy\"\n\t\t\t\t\tsrc=\"https:\/\/maps.google.com\/maps?q=Keulenstraat%208-J%207418%20ET%20DEVENTER%20THE%20NETHERLANDS&#038;t=m&#038;z=10&#038;output=embed&#038;iwloc=near\"\n\t\t\t\t\ttitle=\"Keulenstraat 8-J 7418 ET DEVENTER THE NETHERLANDS\"\n\t\t\t\t\taria-label=\"Keulenstraat 8-J 7418 ET DEVENTER THE NETHERLANDS\"\n\t\t\t><\/iframe>\n\t\t<\/div>\n\t\t\t\t<\/div>\n\t\t\t\t<\/div>\n\t\t\t\t<\/div>\n\t\t\t\t<\/div>\n\t\t\t\t<\/div>\n\t\t","protected":false},"excerpt":{"rendered":"<p>\u00a0 Keulenstraat 8-J7418 ET DEVENTERTHE NETHERLANDS Phone : +31 (0)85 792 1440Mobiel : +31 (0)61 881 1143 Mail: info@telconoc.com Bu formu bitirebilmek i\u00e7in taray\u0131c\u0131n\u0131zda JavaScript&#039;i etkinle\u015ftirin.Bu formu bitirebilmek i\u00e7in taray\u0131c\u0131n\u0131zda JavaScript&#039;i etkinle\u015ftirin. Name Surname * AdSoyad Email *Message Send<\/p>\n","protected":false},"author":1,"featured_media":0,"parent":0,"menu_order":0,"comment_status":"closed","ping_status":"closed","template":"","meta":{"footnotes":""},"class_list":["post-29","page","type-page","status-publish","hentry"],"yoast_head":"<!-- This site is optimized with the Yoast SEO plugin v23.3 - https:\/\/yoast.com\/wordpress\/plugins\/seo\/ -->\n<title>Contact - Telconoc<\/title>\n<meta name=\"robots\" content=\"index, follow, max-snippet:-1, max-image-preview:large, max-video-preview:-1\" \/>\n<link rel=\"canonical\" href=\"https:\/\/telconoc.nl\/index.php\/communication\/\" \/>\n<meta property=\"og:locale\" content=\"tr_TR\" \/>\n<meta property=\"og:type\" content=\"article\" \/>\n<meta property=\"og:title\" content=\"Contact - Telconoc\" \/>\n<meta property=\"og:description\" content=\"\u00a0 Keulenstraat 8-J7418 ET DEVENTERTHE NETHERLANDS Phone : +31 (0)85 792 1440Mobiel : +31 (0)61 881 1143 Mail: info@telconoc.com Bu formu bitirebilmek i\u00e7in taray\u0131c\u0131n\u0131zda JavaScript&#039;i etkinle\u015ftirin.Bu formu bitirebilmek i\u00e7in taray\u0131c\u0131n\u0131zda JavaScript&#039;i etkinle\u015ftirin. Name Surname * AdSoyad Email *Message Send\" \/>\n<meta property=\"og:url\" content=\"https:\/\/telconoc.nl\/index.php\/communication\/\" \/>\n<meta property=\"og:site_name\" content=\"Telconoc\" \/>\n<meta property=\"article:modified_time\" content=\"2024-08-22T09:47:00+00:00\" \/>\n<meta property=\"og:image\" content=\"https:\/\/telconoc.nl\/wp-content\/plugins\/wpforms-lite\/assets\/images\/submit-spin.svg\" \/>\n<meta name=\"twitter:card\" content=\"summary_large_image\" \/>\n<meta name=\"twitter:label1\" content=\"Tahmini okuma s\u00fcresi\" \/>\n\t<meta name=\"twitter:data1\" content=\"1 dakika\" \/>\n<script type=\"application\/ld+json\" class=\"yoast-schema-graph\">{\"@context\":\"https:\/\/schema.org\",\"@graph\":[{\"@type\":\"WebPage\",\"@id\":\"https:\/\/telconoc.nl\/index.php\/communication\/\",\"url\":\"https:\/\/telconoc.nl\/index.php\/communication\/\",\"name\":\"Contact - Telconoc\",\"isPartOf\":{\"@id\":\"https:\/\/telconoc.nl\/#website\"},\"primaryImageOfPage\":{\"@id\":\"https:\/\/telconoc.nl\/index.php\/communication\/#primaryimage\"},\"image\":{\"@id\":\"https:\/\/telconoc.nl\/index.php\/communication\/#primaryimage\"},\"thumbnailUrl\":\"https:\/\/telconoc.nl\/wp-content\/plugins\/wpforms-lite\/assets\/images\/submit-spin.svg\",\"datePublished\":\"2024-08-16T10:21:20+00:00\",\"dateModified\":\"2024-08-22T09:47:00+00:00\",\"breadcrumb\":{\"@id\":\"https:\/\/telconoc.nl\/index.php\/communication\/#breadcrumb\"},\"inLanguage\":\"tr\",\"potentialAction\":[{\"@type\":\"ReadAction\",\"target\":[\"https:\/\/telconoc.nl\/index.php\/communication\/\"]}]},{\"@type\":\"ImageObject\",\"inLanguage\":\"tr\",\"@id\":\"https:\/\/telconoc.nl\/index.php\/communication\/#primaryimage\",\"url\":\"https:\/\/telconoc.nl\/wp-content\/plugins\/wpforms-lite\/assets\/images\/submit-spin.svg\",\"contentUrl\":\"https:\/\/telconoc.nl\/wp-content\/plugins\/wpforms-lite\/assets\/images\/submit-spin.svg\"},{\"@type\":\"BreadcrumbList\",\"@id\":\"https:\/\/telconoc.nl\/index.php\/communication\/#breadcrumb\",\"itemListElement\":[{\"@type\":\"ListItem\",\"position\":1,\"name\":\"Anasayfa\",\"item\":\"https:\/\/telconoc.nl\/\"},{\"@type\":\"ListItem\",\"position\":2,\"name\":\"Contact\"}]},{\"@type\":\"WebSite\",\"@id\":\"https:\/\/telconoc.nl\/#website\",\"url\":\"https:\/\/telconoc.nl\/\",\"name\":\"Telconoc\",\"description\":\"\",\"publisher\":{\"@id\":\"https:\/\/telconoc.nl\/#organization\"},\"potentialAction\":[{\"@type\":\"SearchAction\",\"target\":{\"@type\":\"EntryPoint\",\"urlTemplate\":\"https:\/\/telconoc.nl\/?s={search_term_string}\"},\"query-input\":\"required name=search_term_string\"}],\"inLanguage\":\"tr\"},{\"@type\":\"Organization\",\"@id\":\"https:\/\/telconoc.nl\/#organization\",\"name\":\"Telconoc\",\"url\":\"https:\/\/telconoc.nl\/\",\"logo\":{\"@type\":\"ImageObject\",\"inLanguage\":\"tr\",\"@id\":\"https:\/\/telconoc.nl\/#\/schema\/logo\/image\/\",\"url\":\"https:\/\/telconoc.nl\/wp-content\/uploads\/2024\/08\/telconoc-logo.png\",\"contentUrl\":\"https:\/\/telconoc.nl\/wp-content\/uploads\/2024\/08\/telconoc-logo.png\",\"width\":600,\"height\":149,\"caption\":\"Telconoc\"},\"image\":{\"@id\":\"https:\/\/telconoc.nl\/#\/schema\/logo\/image\/\"}}]}<\/script>\n<!-- \/ Yoast SEO plugin. -->","yoast_head_json":{"title":"Contact - Telconoc","robots":{"index":"index","follow":"follow","max-snippet":"max-snippet:-1","max-image-preview":"max-image-preview:large","max-video-preview":"max-video-preview:-1"},"canonical":"https:\/\/telconoc.nl\/index.php\/communication\/","og_locale":"tr_TR","og_type":"article","og_title":"Contact - Telconoc","og_description":"\u00a0 Keulenstraat 8-J7418 ET DEVENTERTHE NETHERLANDS Phone : +31 (0)85 792 1440Mobiel : +31 (0)61 881 1143 Mail: info@telconoc.com Bu formu bitirebilmek i\u00e7in taray\u0131c\u0131n\u0131zda JavaScript&#039;i etkinle\u015ftirin.Bu formu bitirebilmek i\u00e7in taray\u0131c\u0131n\u0131zda JavaScript&#039;i etkinle\u015ftirin. Name Surname * AdSoyad Email *Message Send","og_url":"https:\/\/telconoc.nl\/index.php\/communication\/","og_site_name":"Telconoc","article_modified_time":"2024-08-22T09:47:00+00:00","og_image":[{"url":"https:\/\/telconoc.nl\/wp-content\/plugins\/wpforms-lite\/assets\/images\/submit-spin.svg"}],"twitter_card":"summary_large_image","twitter_misc":{"Tahmini okuma s\u00fcresi":"1 dakika"},"schema":{"@context":"https:\/\/schema.org","@graph":[{"@type":"WebPage","@id":"https:\/\/telconoc.nl\/index.php\/communication\/","url":"https:\/\/telconoc.nl\/index.php\/communication\/","name":"Contact - Telconoc","isPartOf":{"@id":"https:\/\/telconoc.nl\/#website"},"primaryImageOfPage":{"@id":"https:\/\/telconoc.nl\/index.php\/communication\/#primaryimage"},"image":{"@id":"https:\/\/telconoc.nl\/index.php\/communication\/#primaryimage"},"thumbnailUrl":"https:\/\/telconoc.nl\/wp-content\/plugins\/wpforms-lite\/assets\/images\/submit-spin.svg","datePublished":"2024-08-16T10:21:20+00:00","dateModified":"2024-08-22T09:47:00+00:00","breadcrumb":{"@id":"https:\/\/telconoc.nl\/index.php\/communication\/#breadcrumb"},"inLanguage":"tr","potentialAction":[{"@type":"ReadAction","target":["https:\/\/telconoc.nl\/index.php\/communication\/"]}]},{"@type":"ImageObject","inLanguage":"tr","@id":"https:\/\/telconoc.nl\/index.php\/communication\/#primaryimage","url":"https:\/\/telconoc.nl\/wp-content\/plugins\/wpforms-lite\/assets\/images\/submit-spin.svg","contentUrl":"https:\/\/telconoc.nl\/wp-content\/plugins\/wpforms-lite\/assets\/images\/submit-spin.svg"},{"@type":"BreadcrumbList","@id":"https:\/\/telconoc.nl\/index.php\/communication\/#breadcrumb","itemListElement":[{"@type":"ListItem","position":1,"name":"Anasayfa","item":"https:\/\/telconoc.nl\/"},{"@type":"ListItem","position":2,"name":"Contact"}]},{"@type":"WebSite","@id":"https:\/\/telconoc.nl\/#website","url":"https:\/\/telconoc.nl\/","name":"Telconoc","description":"","publisher":{"@id":"https:\/\/telconoc.nl\/#organization"},"potentialAction":[{"@type":"SearchAction","target":{"@type":"EntryPoint","urlTemplate":"https:\/\/telconoc.nl\/?s={search_term_string}"},"query-input":"required name=search_term_string"}],"inLanguage":"tr"},{"@type":"Organization","@id":"https:\/\/telconoc.nl\/#organization","name":"Telconoc","url":"https:\/\/telconoc.nl\/","logo":{"@type":"ImageObject","inLanguage":"tr","@id":"https:\/\/telconoc.nl\/#\/schema\/logo\/image\/","url":"https:\/\/telconoc.nl\/wp-content\/uploads\/2024\/08\/telconoc-logo.png","contentUrl":"https:\/\/telconoc.nl\/wp-content\/uploads\/2024\/08\/telconoc-logo.png","width":600,"height":149,"caption":"Telconoc"},"image":{"@id":"https:\/\/telconoc.nl\/#\/schema\/logo\/image\/"}}]}},"_links":{"self":[{"href":"https:\/\/telconoc.nl\/index.php\/wp-json\/wp\/v2\/pages\/29","targetHints":{"allow":["GET"]}}],"collection":[{"href":"https:\/\/telconoc.nl\/index.php\/wp-json\/wp\/v2\/pages"}],"about":[{"href":"https:\/\/telconoc.nl\/index.php\/wp-json\/wp\/v2\/types\/page"}],"author":[{"embeddable":true,"href":"https:\/\/telconoc.nl\/index.php\/wp-json\/wp\/v2\/users\/1"}],"replies":[{"embeddable":true,"href":"https:\/\/telconoc.nl\/index.php\/wp-json\/wp\/v2\/comments?post=29"}],"version-history":[{"count":59,"href":"https:\/\/telconoc.nl\/index.php\/wp-json\/wp\/v2\/pages\/29\/revisions"}],"predecessor-version":[{"id":376,"href":"https:\/\/telconoc.nl\/index.php\/wp-json\/wp\/v2\/pages\/29\/revisions\/376"}],"wp:attachment":[{"href":"https:\/\/telconoc.nl\/index.php\/wp-json\/wp\/v2\/media?parent=29"}],"curies":[{"name":"wp","href":"https:\/\/api.w.org\/{rel}","templated":true}]}}